{"id":2091,"date":"2025-04-28T14:57:29","date_gmt":"2025-04-28T12:57:29","guid":{"rendered":"http:\/\/bruno-opticien.fr\/?page_id=2091"},"modified":"2025-05-22T11:24:45","modified_gmt":"2025-05-22T09:24:45","slug":"mentions-legales","status":"publish","type":"page","link":"https:\/\/bruno-opticien.fr\/?page_id=2091","title":{"rendered":"Mentions l\u00e9gales"},"content":{"rendered":"\n<p>Conform\u00e9ment aux articles 6-III et 19 de la loi n\u00b02004-575 du 21 juin 2004 pour la Confiance dans l&rsquo;\u00c9conomie Num\u00e9rique (LCEN), il est pr\u00e9cis\u00e9 aux utilisateurs du site <strong><a class=\"\" href=\"http:\/\/www.bruno-opticien.fr\">www.bruno-opticien.fr<\/a><\/strong> l\u2019identit\u00e9 des diff\u00e9rents intervenants dans le cadre de sa r\u00e9alisation et de son suivi.<\/p>\n\n\n\n<p><strong>\u00c9diteur du site<\/strong><br>Nom de l\u2019entreprise : MALANNA<br>Dirigeant : Bruno Cavero<br>Forme juridique : EURL (Entreprise unipersonnelle \u00e0 responsabilit\u00e9 limit\u00e9e)<br>Adresse du si\u00e8ge social : 26 avenue de Lattre de Tassigny, 13870 Rognonas<br>T\u00e9l\u00e9phone : 04 32 70 22 05<br>Adresse e-mail : <a>bruno.opticien13@gmail.com<\/a><br>SIREN : 981 209 968<br>SIRET (si\u00e8ge) : 981 209 968 00016<br>Num\u00e9ro RCS : 981 209 968 R.C.S. Tarascon<br>Inscription au RNE : Inscrit<br>Capital social : 5 000,00 \u20ac<br>Num\u00e9ro de TVA intracommunautaire : FR16981209968<br>Effectif : Au moins 1 salari\u00e9 (donn\u00e9e 2025)<br>Date de cr\u00e9ation : 30\/10\/2023<\/p>\n\n\n\n<p><strong>Activit\u00e9 principale<\/strong><br>Opticien-lunetier, conseil, vente, montage, fabrication de tous appareils d&rsquo;optique, lentilles, solaires, vente d&rsquo;appareils d&rsquo;audioproth\u00e8se<br>Code NAF\/APE : 47.78A (Commerces de d\u00e9tail d&rsquo;optique)<br>Domaine d\u2019activit\u00e9 : Commerce de d\u00e9tail, \u00e0 l&rsquo;exception des automobiles et des motocycles<br>Forme d\u2019exercice : Commerciale<br>Convention collective : Optique-lunetterie de d\u00e9tail \u2013 IDCC 1431<br>Date de cl\u00f4ture d&rsquo;exercice comptable : 31\/12\/2025<\/p>\n\n\n\n<p><strong>H\u00e9bergement<\/strong><br>H\u00e9bergeur : IONOS SARL<br>Adresse : 7 place de la Gare, 57200 Sarreguemines \u2013 France<br>Site web : <a class=\"\" href=\"https:\/\/www.ionos.fr\">https:\/\/www.ionos.fr<\/a><br>T\u00e9l\u00e9phone : 09 70 80 89 11 (appel non surtax\u00e9)<\/p>\n\n\n\n<p><strong>Propri\u00e9t\u00e9 intellectuelle<\/strong><br>L\u2019ensemble du site <strong><a class=\"\" href=\"http:\/\/www.bruno-opticien.fr\">www.bruno-opticien.fr<\/a><\/strong>, incluant textes, images, graphismes, logos, ic\u00f4nes, sons, logiciels, est la propri\u00e9t\u00e9 exclusive de Bruno Cavero, sauf mentions contraires. Toute reproduction, modification, distribution ou publication, m\u00eame partielle, est interdite sans autorisation \u00e9crite pr\u00e9alable. Toute exploitation non autoris\u00e9e est susceptible de constituer une contrefa\u00e7on sanctionn\u00e9e par le Code de la propri\u00e9t\u00e9 intellectuelle.<\/p>\n\n\n\n<p><strong>Limitation de responsabilit\u00e9<\/strong><br>L\u2019\u00e9diteur s\u2019efforce de fournir sur le site des informations pr\u00e9cises mais ne pourra \u00eatre tenu responsable des omissions, inexactitudes ou d\u00e9fauts de mise \u00e0 jour. Le site est accessible en permanence, sauf interruption pour maintenance technique, dont l\u2019\u00e9diteur informera pr\u00e9alablement les utilisateurs. L\u2019\u00e9diteur d\u00e9cline toute responsabilit\u00e9 en cas de bugs, dysfonctionnements, erreurs ou interruptions ind\u00e9pendants de sa volont\u00e9, pouvant affecter l\u2019acc\u00e8s ou le bon fonctionnement du site.<\/p>\n\n\n\n<p><strong>Cr\u00e9ation du site<\/strong><br>Cr\u00e9ation et design : Com\u2019Stellation \u2013 <a class=\"\" href=\"https:\/\/www.com-stellation.com\">https:\/\/www.com-stellation.com<\/a><\/p>\n\n\n\n<p><\/p>\n","protected":false},"excerpt":{"rendered":"<p>Conform\u00e9ment aux articles 6-III et 19 de la loi n\u00b02004-575 du 21 juin 2004 pour la Confiance dans l&rsquo;\u00c9conomie Num\u00e9rique (LCEN), il est pr\u00e9cis\u00e9 aux utilisateurs du site www.bruno-opticien.fr l\u2019identit\u00e9 [&hellip;]<\/p>\n","protected":false},"author":1,"featured_media":0,"parent":0,"menu_order":0,"comment_status":"closed","ping_status":"closed","template":"","meta":{"footnotes":""},"class_list":["post-2091","page","type-page","status-publish","hentry"],"blocksy_meta":[],"_links":{"self":[{"href":"https:\/\/bruno-opticien.fr\/index.php?rest_route=\/wp\/v2\/pages\/2091","targetHints":{"allow":["GET"]}}],"collection":[{"href":"https:\/\/bruno-opticien.fr\/index.php?rest_route=\/wp\/v2\/pages"}],"about":[{"href":"https:\/\/bruno-opticien.fr\/index.php?rest_route=\/wp\/v2\/types\/page"}],"author":[{"embeddable":true,"href":"https:\/\/bruno-opticien.fr\/index.php?rest_route=\/wp\/v2\/users\/1"}],"replies":[{"embeddable":true,"href":"https:\/\/bruno-opticien.fr\/index.php?rest_route=%2Fwp%2Fv2%2Fcomments&post=2091"}],"version-history":[{"count":3,"href":"https:\/\/bruno-opticien.fr\/index.php?rest_route=\/wp\/v2\/pages\/2091\/revisions"}],"predecessor-version":[{"id":2111,"href":"https:\/\/bruno-opticien.fr\/index.php?rest_route=\/wp\/v2\/pages\/2091\/revisions\/2111"}],"wp:attachment":[{"href":"https:\/\/bruno-opticien.fr\/index.php?rest_route=%2Fwp%2Fv2%2Fmedia&parent=2091"}],"curies":[{"name":"wp","href":"https:\/\/api.w.org\/{rel}","templated":true}]}}