{"id":2104,"date":"2025-05-22T10:48:07","date_gmt":"2025-05-22T08:48:07","guid":{"rendered":"http:\/\/bruno-opticien.fr\/?page_id=2104"},"modified":"2025-05-22T10:48:07","modified_gmt":"2025-05-22T08:48:07","slug":"conditions-generales-dutilisation-cgu","status":"publish","type":"page","link":"https:\/\/bruno-opticien.fr\/?page_id=2104","title":{"rendered":"Conditions G\u00e9n\u00e9rales d\u2019Utilisation (CGU)"},"content":{"rendered":"\n<p>En acc\u00e9dant et en naviguant sur le site <strong><a class=\"\" href=\"http:\/\/www.bruno-opticien.fr\">www.bruno-opticien.fr<\/a><\/strong>, vous acceptez sans r\u00e9serve les pr\u00e9sentes conditions g\u00e9n\u00e9rales d\u2019utilisation.<\/p>\n\n\n\n<p><strong>Objet<\/strong><br>Le site <a class=\"\" href=\"http:\/\/www.bruno-opticien.fr\">www.bruno-opticien.fr<\/a> a pour objet de pr\u00e9senter les services et produits propos\u00e9s par Bruno Opticien.<\/p>\n\n\n\n<p><strong>Propri\u00e9t\u00e9 intellectuelle<\/strong><br>Les contenus pr\u00e9sents sur ce site (textes, images, logos, etc.) sont prot\u00e9g\u00e9s par la l\u00e9gislation sur la propri\u00e9t\u00e9 intellectuelle. Toute reproduction ou utilisation sans autorisation est interdite.<\/p>\n\n\n\n<p><strong>Responsabilit\u00e9<\/strong><br>Bruno Opticien met tout en \u0153uvre pour garantir l\u2019exactitude des informations, mais ne peut \u00eatre tenu responsable des erreurs, omissions ou cons\u00e9quences li\u00e9es \u00e0 l\u2019utilisation du site. L\u2019acc\u00e8s au site peut \u00eatre interrompu temporairement pour maintenance.<\/p>\n\n\n\n<p><strong>Donn\u00e9es personnelles<\/strong><br>Aucun formulaire n\u2019\u00e9tant pr\u00e9sent, aucune collecte directe de donn\u00e9es personnelles n\u2019est effectu\u00e9e sur ce site.<\/p>\n\n\n\n<p><strong>Liens externes<\/strong><br>Le site peut contenir des liens vers des sites tiers. Bruno Opticien ne saurait \u00eatre responsable du contenu de ces sites.<\/p>\n\n\n\n<p><\/p>\n","protected":false},"excerpt":{"rendered":"<p>En acc\u00e9dant et en naviguant sur le site www.bruno-opticien.fr, vous acceptez sans r\u00e9serve les pr\u00e9sentes conditions g\u00e9n\u00e9rales d\u2019utilisation. ObjetLe site www.bruno-opticien.fr a pour objet de pr\u00e9senter les services et produits [&hellip;]<\/p>\n","protected":false},"author":1,"featured_media":0,"parent":0,"menu_order":0,"comment_status":"closed","ping_status":"closed","template":"","meta":{"footnotes":""},"class_list":["post-2104","page","type-page","status-publish","hentry"],"blocksy_meta":[],"_links":{"self":[{"href":"https:\/\/bruno-opticien.fr\/index.php?rest_route=\/wp\/v2\/pages\/2104","targetHints":{"allow":["GET"]}}],"collection":[{"href":"https:\/\/bruno-opticien.fr\/index.php?rest_route=\/wp\/v2\/pages"}],"about":[{"href":"https:\/\/bruno-opticien.fr\/index.php?rest_route=\/wp\/v2\/types\/page"}],"author":[{"embeddable":true,"href":"https:\/\/bruno-opticien.fr\/index.php?rest_route=\/wp\/v2\/users\/1"}],"replies":[{"embeddable":true,"href":"https:\/\/bruno-opticien.fr\/index.php?rest_route=%2Fwp%2Fv2%2Fcomments&post=2104"}],"version-history":[{"count":1,"href":"https:\/\/bruno-opticien.fr\/index.php?rest_route=\/wp\/v2\/pages\/2104\/revisions"}],"predecessor-version":[{"id":2105,"href":"https:\/\/bruno-opticien.fr\/index.php?rest_route=\/wp\/v2\/pages\/2104\/revisions\/2105"}],"wp:attachment":[{"href":"https:\/\/bruno-opticien.fr\/index.php?rest_route=%2Fwp%2Fv2%2Fmedia&parent=2104"}],"curies":[{"name":"wp","href":"https:\/\/api.w.org\/{rel}","templated":true}]}}